{"id":768,"date":"2021-05-05T14:28:05","date_gmt":"2021-05-05T12:28:05","guid":{"rendered":"https:\/\/www.interchair.sk\/produkt\/molly\/"},"modified":"2021-05-05T14:28:05","modified_gmt":"2021-05-05T12:28:05","slug":"molly","status":"publish","type":"product","link":"https:\/\/www.interchair.sk\/en\/product\/molly\/","title":{"rendered":"Molly"},"content":{"rendered":"","protected":false},"excerpt":{"rendered":"<p>Kancel\u00e1rska rokovacia stoli\u010dka na 4 noh\u00e1ch<br \/>\nKovov\u00fd r\u00e1m s\u00a0opierkami r\u00fak<br \/>\nStohovate\u013en\u00e1<br \/>\nVolite\u013en\u00fd v\u00fdber farby \u010dal\u00fanenia<br \/>\nNosnos\u0165 100 kg<br \/>\n!!! r\u00f4zne typy podno\u017e\u00ed !!!<\/p>\n","protected":false},"featured_media":715,"template":"","meta":{"_et_pb_use_builder":"","_et_pb_old_content":"","_et_gb_content_width":"","inline_featured_image":false},"product_brand":[],"product_cat":[36],"product_tag":[],"class_list":{"0":"post-768","1":"product","2":"type-product","3":"status-publish","4":"has-post-thumbnail","6":"product_cat-meeting-en","8":"first","9":"instock","10":"shipping-taxable","11":"product-type-simple"},"_links":{"self":[{"href":"https:\/\/www.interchair.sk\/en\/wp-json\/wp\/v2\/product\/768","targetHints":{"allow":["GET"]}}],"collection":[{"href":"https:\/\/www.interchair.sk\/en\/wp-json\/wp\/v2\/product"}],"about":[{"href":"https:\/\/www.interchair.sk\/en\/wp-json\/wp\/v2\/types\/product"}],"wp:featuredmedia":[{"embeddable":true,"href":"https:\/\/www.interchair.sk\/en\/wp-json\/wp\/v2\/media\/715"}],"wp:attachment":[{"href":"https:\/\/www.interchair.sk\/en\/wp-json\/wp\/v2\/media?parent=768"}],"wp:term":[{"taxonomy":"product_brand","embeddable":true,"href":"https:\/\/www.interchair.sk\/en\/wp-json\/wp\/v2\/product_brand?post=768"},{"taxonomy":"product_cat","embeddable":true,"href":"https:\/\/www.interchair.sk\/en\/wp-json\/wp\/v2\/product_cat?post=768"},{"taxonomy":"product_tag","embeddable":true,"href":"https:\/\/www.interchair.sk\/en\/wp-json\/wp\/v2\/product_tag?post=768"}],"curies":[{"name":"wp","href":"https:\/\/api.w.org\/{rel}","templated":true}]}}