{"id":767,"date":"2021-05-05T14:30:00","date_gmt":"2021-05-05T12:30:00","guid":{"rendered":"https:\/\/www.interchair.sk\/produkt\/passport\/"},"modified":"2021-05-05T14:30:00","modified_gmt":"2021-05-05T12:30:00","slug":"passport","status":"publish","type":"product","link":"https:\/\/www.interchair.sk\/en\/product\/passport\/","title":{"rendered":"Passport"},"content":{"rendered":"","protected":false},"excerpt":{"rendered":"<p>Rokovacia stoli\u010dka na ly\u017ein\u00e1ch<br \/>\nSie\u0165ov\u00e9 operadlo<br \/>\nVolite\u013en\u00fd v\u00fdber farby \u010dal\u00fanenia sedadla<br \/>\nNosnos\u0165 100 kg<\/p>\n<p>2 typy podno\u017e\u00ed (Kancel\u00e1rska rokovacia stoli\u010dka na 4 noh\u00e1ch )<\/p>\n","protected":false},"featured_media":717,"template":"","meta":{"_et_pb_use_builder":"off","_et_pb_old_content":"","_et_gb_content_width":"","inline_featured_image":false},"product_brand":[],"product_cat":[36],"product_tag":[],"class_list":{"0":"post-767","1":"product","2":"type-product","3":"status-publish","4":"has-post-thumbnail","6":"product_cat-meeting-en","8":"first","9":"instock","10":"shipping-taxable","11":"product-type-simple"},"_links":{"self":[{"href":"https:\/\/www.interchair.sk\/en\/wp-json\/wp\/v2\/product\/767","targetHints":{"allow":["GET"]}}],"collection":[{"href":"https:\/\/www.interchair.sk\/en\/wp-json\/wp\/v2\/product"}],"about":[{"href":"https:\/\/www.interchair.sk\/en\/wp-json\/wp\/v2\/types\/product"}],"wp:featuredmedia":[{"embeddable":true,"href":"https:\/\/www.interchair.sk\/en\/wp-json\/wp\/v2\/media\/717"}],"wp:attachment":[{"href":"https:\/\/www.interchair.sk\/en\/wp-json\/wp\/v2\/media?parent=767"}],"wp:term":[{"taxonomy":"product_brand","embeddable":true,"href":"https:\/\/www.interchair.sk\/en\/wp-json\/wp\/v2\/product_brand?post=767"},{"taxonomy":"product_cat","embeddable":true,"href":"https:\/\/www.interchair.sk\/en\/wp-json\/wp\/v2\/product_cat?post=767"},{"taxonomy":"product_tag","embeddable":true,"href":"https:\/\/www.interchair.sk\/en\/wp-json\/wp\/v2\/product_tag?post=767"}],"curies":[{"name":"wp","href":"https:\/\/api.w.org\/{rel}","templated":true}]}}